{"id":2,"date":"2025-11-14T17:49:19","date_gmt":"2025-11-14T16:49:19","guid":{"rendered":"https:\/\/jeanfort.fr\/?page_id=2"},"modified":"2026-01-07T18:29:50","modified_gmt":"2026-01-07T17:29:50","slug":"page-d-exemple","status":"publish","type":"page","link":"https:\/\/jeanfort.fr\/","title":{"rendered":"Accueil"},"content":{"rendered":"<div class=\"row\"  id=\"row-604035883\">\n\n\t<div id=\"col-632445892\" class=\"col small-12 large-12\"  >\n\t\t\t\t<div class=\"col-inner text-center\"  >\n\t\t\t\n\t\t\t\n\t<div class=\"img has-hover x md-x lg-x y md-y lg-y\" id=\"image_50679268\">\n\t\t<a class=\"\" href=\"mailto:commercial@jeanfort.com\" >\t\t\t\t\t\t<div class=\"img-inner dark\" >\n\t\t\t<img loading=\"lazy\" decoding=\"async\" width=\"721\" height=\"156\" src=\"https:\/\/jeanfort.fr\/wp-content\/uploads\/2025\/11\/jeanfort_r2_c1.jpg\" class=\"attachment-large size-large\" alt=\"\" srcset=\"https:\/\/jeanfort.fr\/wp-content\/uploads\/2025\/11\/jeanfort_r2_c1.jpg 721w, https:\/\/jeanfort.fr\/wp-content\/uploads\/2025\/11\/jeanfort_r2_c1-300x65.jpg 300w\" sizes=\"auto, (max-width: 721px) 100vw, 721px\" \/>\t\t\t\t\t\t\n\t\t\t\t\t<\/div>\n\t\t\t\t\t\t<\/a>\t\t\n<style>\n#image_50679268 {\n  width: 100%;\n}\n<\/style>\n\t<\/div>\n\t\n<h1 style=\"text-align: center;\"><span style=\"font-size: 150%;\">Et si nous faisions connaissance ?<\/span><\/h1>\n<p><span class=\"txtsoustitre\">Sp\u00e9cialiste reconnu de l&rsquo;impression express d&rsquo;enveloppes et de pochettes, avec plus de 50 ann\u00e9es d&rsquo;exp\u00e9rience, JEAN FORT est adoss\u00e9 \u00e0 la soci\u00e9t\u00e9 ENVELNOR KUVERT mais aussi au Groupe MAYER KUVERT, fabricant N\u00b01 en Europe.<\/span><\/p>\n<p><span class=\"txtsoustitre\">Avec pour objectif de toujours mieux vous servir, JEAN FORT b\u00e9n\u00e9ficie du savoir faire d&rsquo;un groupe puissant, de moyens industriels consid\u00e9rables et se trouve en position de r\u00e9pondre \u00e0 l&rsquo;ensemble de vos besoins.<\/span><\/p>\n\t<div class=\"img has-hover x md-x lg-x y md-y lg-y\" id=\"image_426927289\">\n\t\t\t\t\t\t\t\t<div class=\"img-inner dark\" >\n\t\t\t<img loading=\"lazy\" decoding=\"async\" width=\"721\" height=\"99\" src=\"https:\/\/jeanfort.fr\/wp-content\/uploads\/2025\/11\/jeanfort_r5_c1.jpg\" class=\"attachment-large size-large\" alt=\"\" srcset=\"https:\/\/jeanfort.fr\/wp-content\/uploads\/2025\/11\/jeanfort_r5_c1.jpg 721w, https:\/\/jeanfort.fr\/wp-content\/uploads\/2025\/11\/jeanfort_r5_c1-300x41.jpg 300w\" sizes=\"auto, (max-width: 721px) 100vw, 721px\" \/>\t\t\t\t\t\t\n\t\t\t\t\t<\/div>\n\t\t\t\t\t\t\t\t\n<style>\n#image_426927289 {\n  width: 76%;\n}\n<\/style>\n\t<\/div>\n\t\n<h1><span class=\"soustitre\">Nos m\u00e9tiers<\/span><\/h1>\n<p><span class=\"txtsoustitre\">Impression Express d&rsquo;Enveloppes 1,2,3,4 couleurs sur Machines Offset<br \/>\nFabrication Bobine Flexographie, Fabrication Bobine Offset, D\u00e9coupe, nous sommes de plus en mesure de vous fournir tous types de produits li\u00e9s au traitement du courrier.<\/span><\/p>\n<h2><span class=\"soustitre\">Produits et Services propos\u00e9s<\/span><\/h2>\n<p><span class=\"txtsoustitre\">Enveloppes de Mise sous Plis Automatique (Routage, Marketing Direct, Courriers de Gestion)<br \/>\nEnveloppes et Pochettes Economiques<br \/>\nEnveloppes et Pochettes pour la Communication d&rsquo;Entreprise<br \/>\nEnveloppes et Pochettes Natures<br \/>\nEnveloppes et Pochettes Prestige<br \/>\nSacs \u00e0 soufflets, Fabrication sp\u00e9ciales<\/span><\/p>\n<h2><span class=\"soustitre\">Une \u00e9quipe \u00e0 votre service<\/span><\/h2>\n<p><span class=\"txtsoustitre\">Disponibilit\u00e9 et implication de nos \u00e9quipes, r\u00e9activit\u00e9 et int\u00e9gration syst\u00e9matique de vos besoins et imp\u00e9ratifs dans nos offres, proximit\u00e9 et convivialit\u00e9 dans nos \u00e9changes, tels sont quelques uns des traits de caract\u00e8re de JEAN FORT.<\/span><\/p>\n\t<div class=\"img has-hover x md-x lg-x y md-y lg-y\" id=\"image_164196403\">\n\t\t<a class=\"\" href=\"mailto:commercial@jeanfort.com\" >\t\t\t\t\t\t<div class=\"img-inner dark\" >\n\t\t\t<img loading=\"lazy\" decoding=\"async\" width=\"721\" height=\"126\" src=\"https:\/\/jeanfort.fr\/wp-content\/uploads\/2025\/11\/jeanfort_r9_c1.jpg\" class=\"attachment-large size-large\" alt=\"\" srcset=\"https:\/\/jeanfort.fr\/wp-content\/uploads\/2025\/11\/jeanfort_r9_c1.jpg 721w, https:\/\/jeanfort.fr\/wp-content\/uploads\/2025\/11\/jeanfort_r9_c1-300x52.jpg 300w\" sizes=\"auto, (max-width: 721px) 100vw, 721px\" \/>\t\t\t\t\t\t\n\t\t\t\t\t<\/div>\n\t\t\t\t\t\t<\/a>\t\t\n<style>\n#image_164196403 {\n  width: 100%;\n}\n<\/style>\n\t<\/div>\n\t\n<p>ZI Parc de l\u2019 Esplanade \u2013 4 rue Enrico Fermi \u2013 77 400 SAINT THIBAULT DES VIGNES<br \/>\nt\u00e9l : 01 60 35 31 30 \u2013 Fax : 01 64 30 35 73\u00a0 <a href=\"mailto:commercial@jeanfort.com\">commercial@jeanfort.com<\/a><br \/>\nSoci\u00e9t\u00e9 anonyme au capital de 38125\u20ac \u2013 SIRET 652 017 013 00036 \u2013 TVA FR 73 652 017 013<\/p>\n\t\t<\/div>\n\t\t\t\t\t<\/div>\n\n\t\n<\/div>\n","protected":false},"excerpt":{"rendered":"","protected":false},"author":1,"featured_media":19,"parent":0,"menu_order":0,"comment_status":"closed","ping_status":"open","template":"","meta":{"footnotes":""},"class_list":["post-2","page","type-page","status-publish","has-post-thumbnail","hentry"],"_links":{"self":[{"href":"https:\/\/jeanfort.fr\/index.php?rest_route=\/wp\/v2\/pages\/2","targetHints":{"allow":["GET"]}}],"collection":[{"href":"https:\/\/jeanfort.fr\/index.php?rest_route=\/wp\/v2\/pages"}],"about":[{"href":"https:\/\/jeanfort.fr\/index.php?rest_route=\/wp\/v2\/types\/page"}],"author":[{"embeddable":true,"href":"https:\/\/jeanfort.fr\/index.php?rest_route=\/wp\/v2\/users\/1"}],"replies":[{"embeddable":true,"href":"https:\/\/jeanfort.fr\/index.php?rest_route=%2Fwp%2Fv2%2Fcomments&post=2"}],"version-history":[{"count":9,"href":"https:\/\/jeanfort.fr\/index.php?rest_route=\/wp\/v2\/pages\/2\/revisions"}],"predecessor-version":[{"id":35,"href":"https:\/\/jeanfort.fr\/index.php?rest_route=\/wp\/v2\/pages\/2\/revisions\/35"}],"wp:featuredmedia":[{"embeddable":true,"href":"https:\/\/jeanfort.fr\/index.php?rest_route=\/wp\/v2\/media\/19"}],"wp:attachment":[{"href":"https:\/\/jeanfort.fr\/index.php?rest_route=%2Fwp%2Fv2%2Fmedia&parent=2"}],"curies":[{"name":"wp","href":"https:\/\/api.w.org\/{rel}","templated":true}]}}